{"id":69858,"date":"2022-11-03T16:09:24","date_gmt":"2022-11-03T16:09:24","guid":{"rendered":"https:\/\/so-hotels.com\/about-us\/media-room-paris\/"},"modified":"2026-01-08T07:16:44","modified_gmt":"2026-01-08T07:16:44","slug":"media-room-paris","status":"publish","type":"page","link":"https:\/\/so-hotels.com\/fr\/paris\/about-us\/media-room\/","title":{"rendered":"Salle de presse"},"content":{"rendered":"","protected":false},"excerpt":{"rendered":"","protected":false},"author":22,"featured_media":5360,"parent":4755,"menu_order":0,"comment_status":"closed","ping_status":"closed","template":"","meta":{"_acf_changed":false,"_yoast_wpseo_title":"%%title%% %%page%% %%sep%% SO\/ Paris","_yoast_wpseo_metadesc":"D\u00e9couvrez les derni\u00e8res actualit\u00e9s et annonces de SO\/ Paris.","footnotes":""},"locations":[38,39,40],"acf":[],"yoast_head":"<!-- This site is optimized with the Yoast SEO plugin v22.7 - https:\/\/yoast.com\/wordpress\/plugins\/seo\/ -->\n<title>Salle de presse | SO\/ Paris<\/title>\n<meta name=\"description\" content=\"D\u00e9couvrez les derni\u00e8res actualit\u00e9s et annonces de SO\/ Paris.\" \/>\n<meta name=\"robots\" content=\"index, follow, max-snippet:-1, max-image-preview:large, max-video-preview:-1\" \/>\n<link rel=\"canonical\" href=\"https:\/\/so-hotels.com\/fr\/paris\/about-us\/media-room\/\" \/>\n<meta property=\"og:locale\" content=\"fr_FR\" \/>\n<meta property=\"og:type\" content=\"article\" \/>\n<meta property=\"og:title\" content=\"Salle de presse | SO\/ Paris\" \/>\n<meta property=\"og:description\" content=\"D\u00e9couvrez les derni\u00e8res actualit\u00e9s et annonces de SO\/ Paris.\" \/>\n<meta property=\"og:url\" content=\"https:\/\/so-hotels.com\/fr\/paris\/about-us\/media-room\/\" \/>\n<meta property=\"og:site_name\" content=\"SO\/ Hotels\" \/>\n<meta property=\"article:modified_time\" content=\"2026-01-08T07:16:44+00:00\" \/>\n<meta property=\"og:image\" content=\"https:\/\/so-hotels.com\/wp-content\/uploads\/sites\/19\/2022\/11\/paris-social-image-facade-river.jpg\" \/>\n\t<meta property=\"og:image:width\" content=\"1440\" \/>\n\t<meta property=\"og:image:height\" content=\"560\" \/>\n\t<meta property=\"og:image:type\" content=\"image\/jpeg\" \/>\n<meta name=\"twitter:card\" content=\"summary_large_image\" \/>\n<meta name=\"twitter:image\" content=\"https:\/\/so-hotels.com\/wp-content\/uploads\/sites\/19\/2022\/11\/paris-social-image-facade-river.jpg\" \/>\n<meta name=\"twitter:label1\" content=\"Est. reading time\" \/>\n\t<meta name=\"twitter:data1\" content=\"1 minute\" \/>\n<script type=\"application\/ld+json\" class=\"yoast-schema-graph\">{\"@context\":\"https:\/\/schema.org\",\"@graph\":[{\"@type\":\"WebPage\",\"@id\":\"https:\/\/so-hotels.com\/fr\/paris\/about-us\/media-room\/\",\"url\":\"https:\/\/so-hotels.com\/fr\/paris\/about-us\/media-room\/\",\"name\":\"Salle de presse | SO\/ Paris\",\"isPartOf\":{\"@id\":\"https:\/\/so-hotels.com\/en\/#website\"},\"primaryImageOfPage\":{\"@id\":\"https:\/\/so-hotels.com\/fr\/paris\/about-us\/media-room\/#primaryimage\"},\"image\":{\"@id\":\"https:\/\/so-hotels.com\/fr\/paris\/about-us\/media-room\/#primaryimage\"},\"thumbnailUrl\":\"https:\/\/so-hotels.com\/wp-content\/uploads\/sites\/19\/2022\/11\/so-paris-river.jpg\",\"datePublished\":\"2022-11-03T16:09:24+00:00\",\"dateModified\":\"2026-01-08T07:16:44+00:00\",\"description\":\"D\u00e9couvrez les derni\u00e8res actualit\u00e9s et annonces de SO\/ Paris.\",\"breadcrumb\":{\"@id\":\"https:\/\/so-hotels.com\/fr\/paris\/about-us\/media-room\/#breadcrumb\"},\"inLanguage\":\"fr\",\"potentialAction\":[{\"@type\":\"ReadAction\",\"target\":[\"https:\/\/so-hotels.com\/fr\/paris\/about-us\/media-room\/\"]}]},{\"@type\":\"ImageObject\",\"inLanguage\":\"fr\",\"@id\":\"https:\/\/so-hotels.com\/fr\/paris\/about-us\/media-room\/#primaryimage\",\"url\":\"https:\/\/so-hotels.com\/wp-content\/uploads\/sites\/19\/2022\/11\/so-paris-river.jpg\",\"contentUrl\":\"https:\/\/so-hotels.com\/wp-content\/uploads\/sites\/19\/2022\/11\/so-paris-river.jpg\",\"width\":800,\"height\":800,\"caption\":\"vue de l'h\u00f4tel depuis l'autre rive de la Seine\"},{\"@type\":\"BreadcrumbList\",\"@id\":\"https:\/\/so-hotels.com\/fr\/paris\/about-us\/media-room\/#breadcrumb\",\"itemListElement\":[{\"@type\":\"ListItem\",\"position\":1,\"name\":\"Home\",\"item\":\"https:\/\/so-hotels.com\/fr\/\"},{\"@type\":\"ListItem\",\"position\":2,\"name\":\"\u00c0 Propos du SO\/ Paris\",\"item\":\"https:\/\/so-hotels.com\/fr\/paris\/a-propos\/\"},{\"@type\":\"ListItem\",\"position\":3,\"name\":\"Salle de presse\"}]},{\"@type\":\"WebSite\",\"@id\":\"https:\/\/so-hotels.com\/en\/#website\",\"url\":\"https:\/\/so-hotels.com\/en\/\",\"name\":\"SO\/ Hotels\",\"description\":\"\",\"potentialAction\":[{\"@type\":\"SearchAction\",\"target\":{\"@type\":\"EntryPoint\",\"urlTemplate\":\"https:\/\/so-hotels.com\/en\/?s={search_term_string}\"},\"query-input\":\"required name=search_term_string\"}],\"inLanguage\":\"fr\"}]}<\/script>\n<!-- \/ Yoast SEO plugin. -->","yoast_head_json":{"title":"Salle de presse | SO\/ Paris","description":"D\u00e9couvrez les derni\u00e8res actualit\u00e9s et annonces de SO\/ Paris.","robots":{"index":"index","follow":"follow","max-snippet":"max-snippet:-1","max-image-preview":"max-image-preview:large","max-video-preview":"max-video-preview:-1"},"canonical":"https:\/\/so-hotels.com\/fr\/paris\/about-us\/media-room\/","og_locale":"fr_FR","og_type":"article","og_title":"Salle de presse | SO\/ Paris","og_description":"D\u00e9couvrez les derni\u00e8res actualit\u00e9s et annonces de SO\/ Paris.","og_url":"https:\/\/so-hotels.com\/fr\/paris\/about-us\/media-room\/","og_site_name":"SO\/ Hotels","article_modified_time":"2026-01-08T07:16:44+00:00","og_image":[{"width":1440,"height":560,"url":"https:\/\/so-hotels.com\/wp-content\/uploads\/sites\/19\/2022\/11\/paris-social-image-facade-river.jpg","type":"image\/jpeg"}],"twitter_card":"summary_large_image","twitter_image":"https:\/\/so-hotels.com\/wp-content\/uploads\/sites\/19\/2022\/11\/paris-social-image-facade-river.jpg","twitter_misc":{"Est. reading time":"1 minute"},"schema":{"@context":"https:\/\/schema.org","@graph":[{"@type":"WebPage","@id":"https:\/\/so-hotels.com\/fr\/paris\/about-us\/media-room\/","url":"https:\/\/so-hotels.com\/fr\/paris\/about-us\/media-room\/","name":"Salle de presse | SO\/ Paris","isPartOf":{"@id":"https:\/\/so-hotels.com\/en\/#website"},"primaryImageOfPage":{"@id":"https:\/\/so-hotels.com\/fr\/paris\/about-us\/media-room\/#primaryimage"},"image":{"@id":"https:\/\/so-hotels.com\/fr\/paris\/about-us\/media-room\/#primaryimage"},"thumbnailUrl":"https:\/\/so-hotels.com\/wp-content\/uploads\/sites\/19\/2022\/11\/so-paris-river.jpg","datePublished":"2022-11-03T16:09:24+00:00","dateModified":"2026-01-08T07:16:44+00:00","description":"D\u00e9couvrez les derni\u00e8res actualit\u00e9s et annonces de SO\/ Paris.","breadcrumb":{"@id":"https:\/\/so-hotels.com\/fr\/paris\/about-us\/media-room\/#breadcrumb"},"inLanguage":"fr","potentialAction":[{"@type":"ReadAction","target":["https:\/\/so-hotels.com\/fr\/paris\/about-us\/media-room\/"]}]},{"@type":"ImageObject","inLanguage":"fr","@id":"https:\/\/so-hotels.com\/fr\/paris\/about-us\/media-room\/#primaryimage","url":"https:\/\/so-hotels.com\/wp-content\/uploads\/sites\/19\/2022\/11\/so-paris-river.jpg","contentUrl":"https:\/\/so-hotels.com\/wp-content\/uploads\/sites\/19\/2022\/11\/so-paris-river.jpg","width":800,"height":800,"caption":"vue de l'h\u00f4tel depuis l'autre rive de la Seine"},{"@type":"BreadcrumbList","@id":"https:\/\/so-hotels.com\/fr\/paris\/about-us\/media-room\/#breadcrumb","itemListElement":[{"@type":"ListItem","position":1,"name":"Home","item":"https:\/\/so-hotels.com\/fr\/"},{"@type":"ListItem","position":2,"name":"\u00c0 Propos du SO\/ Paris","item":"https:\/\/so-hotels.com\/fr\/paris\/a-propos\/"},{"@type":"ListItem","position":3,"name":"Salle de presse"}]},{"@type":"WebSite","@id":"https:\/\/so-hotels.com\/en\/#website","url":"https:\/\/so-hotels.com\/en\/","name":"SO\/ Hotels","description":"","potentialAction":[{"@type":"SearchAction","target":{"@type":"EntryPoint","urlTemplate":"https:\/\/so-hotels.com\/en\/?s={search_term_string}"},"query-input":"required name=search_term_string"}],"inLanguage":"fr"}]}},"new_scheduled_revision":"","save_as_revision":"","jetpack_sharing_enabled":true,"_links":{"self":[{"href":"https:\/\/so-hotels.com\/fr\/wp-json\/wp\/v2\/pages\/69858"}],"collection":[{"href":"https:\/\/so-hotels.com\/fr\/wp-json\/wp\/v2\/pages"}],"about":[{"href":"https:\/\/so-hotels.com\/fr\/wp-json\/wp\/v2\/types\/page"}],"author":[{"embeddable":true,"href":"https:\/\/so-hotels.com\/fr\/wp-json\/wp\/v2\/users\/22"}],"replies":[{"embeddable":true,"href":"https:\/\/so-hotels.com\/fr\/wp-json\/wp\/v2\/comments?post=69858"}],"version-history":[{"count":0,"href":"https:\/\/so-hotels.com\/fr\/wp-json\/wp\/v2\/pages\/69858\/revisions"}],"up":[{"embeddable":true,"href":"https:\/\/so-hotels.com\/fr\/wp-json\/wp\/v2\/pages\/4755"}],"wp:featuredmedia":[{"embeddable":true,"href":"https:\/\/so-hotels.com\/fr\/wp-json\/wp\/v2\/media\/5360"}],"wp:attachment":[{"href":"https:\/\/so-hotels.com\/fr\/wp-json\/wp\/v2\/media?parent=69858"}],"wp:term":[{"taxonomy":"locations","embeddable":true,"href":"https:\/\/so-hotels.com\/fr\/wp-json\/wp\/v2\/locations?post=69858"}],"curies":[{"name":"wp","href":"https:\/\/api.w.org\/{rel}","templated":true}]}}